{"id":21731,"date":"2021-11-26T09:39:49","date_gmt":"2021-11-26T09:39:49","guid":{"rendered":""},"modified":"2025-01-04T05:30:19","modified_gmt":"2025-01-04T03:30:19","slug":"about-us","status":"publish","type":"page","link":"https:\/\/addme.grant.cx\/fr\/about-us\/","title":{"rendered":"\u00c0 propos de Nous."},"content":{"rendered":"<div data-elementor-type=\"wp-page\" data-elementor-id=\"21731\" class=\"elementor elementor-21731\">\n\t\t\t\t<div class=\"elementor-element elementor-element-49175b1 e-flex e-con-boxed e-con e-parent\" data-id=\"49175b1\" data-element_type=\"container\">\n\t\t\t\t\t<div class=\"e-con-inner\">\n\t\t\t\t<div class=\"elementor-element elementor-element-93cf158 elementor-widget elementor-widget-video\" data-id=\"93cf158\" data-element_type=\"widget\" data-settings=\"{&quot;youtube_url&quot;:&quot;https:\\\/\\\/www.youtube.com\\\/watch?v=GZ1gevxtegI&quot;,&quot;video_type&quot;:&quot;youtube&quot;,&quot;controls&quot;:&quot;yes&quot;}\" data-widget_type=\"video.default\">\n\t\t\t\t<div class=\"elementor-widget-container\">\n\t\t\t\t\t\t\t<div class=\"elementor-wrapper elementor-open-inline\">\n\t\t\t<div class=\"elementor-video\"><\/div>\t\t<\/div>\n\t\t\t\t\t\t<\/div>\n\t\t\t\t<\/div>\n\t\t\t\t\t<\/div>\n\t\t\t\t<\/div>\n\t\t<div class=\"elementor-element elementor-element-f44bc79 e-flex e-con-boxed e-con e-parent\" data-id=\"f44bc79\" data-element_type=\"container\">\n\t\t\t\t\t<div class=\"e-con-inner\">\n\t\t<div class=\"elementor-element elementor-element-da331dd e-con-full e-flex e-con e-child\" data-id=\"da331dd\" data-element_type=\"container\">\n\t\t\t\t<div class=\"elementor-element elementor-element-3e5d5fb elementor-widget elementor-widget-tm-heading\" data-id=\"3e5d5fb\" data-element_type=\"widget\" data-widget_type=\"tm-heading.default\">\n\t\t\t\t<div class=\"elementor-widget-container\">\n\t\t\t\t\t\t\t<div class=\"tm-modern-heading tm-modern-heading--style-03 tm-modern-heading--highlight-style-01\">\n\t\t\t\n\t\t\t\t\t<div class=\"heading-primary-wrap\">\n\t\t\t<h3 class=\"heading-primary elementor-heading-title\">Add-Me Food Industries, fond\u00e9e en 2017, propose au march\u00e9 \u00e9gyptien des produits alimentaires de qualit\u00e9 sup\u00e9rieure, inspir\u00e9s de la cuisine mondiale. Notre mission est de fournir des produits d\u00e9licieux et abordables, traditionnellement import\u00e9s.<\/h3>\t\t<\/div>\n\t\t\n\t\t\t\n\t\t\t\t\t<div class=\"heading-description-wrap\">\n\t\t\t<div class=\"heading-description\">\n\t\t\t\t<p data-sourcepos=\"5:1-5:39\">Nous sommes fiers de notre engagement envers l'innovation et la qualit\u00e9. Notre \u00e9quipe de recherche et d\u00e9veloppement s'efforce continuellement de cr\u00e9er des produits uniques et savoureux r\u00e9pondant aux normes les plus \u00e9lev\u00e9es. Ce d\u00e9vouement nous a permis non seulement de d\u00e9velopper notre propre marque \u00e0 succ\u00e8s, <strong>ADD-ME<\/strong>, mais \u00e9galement de fabriquer pour des marques renomm\u00e9es et des leaders du march\u00e9.<\/p><p data-sourcepos=\"7:1-7:35\">Chez Add-Me Food Industries, nous croyons au pouvoir de la production locale. En fabriquant nos produits en \u00c9gypte, nous soutenons l'\u00e9conomie locale et garantissons la fra\u00eecheur et le contr\u00f4le qualit\u00e9.<\/p><p data-sourcepos=\"7:1-7:35\">Notre gamme de produits comprend:<\/p><ul data-sourcepos=\"9:1-15:0\"><li data-sourcepos=\"9:1-9:79\"><strong>Concentr\u00e9 de Tomates<\/strong> P\u00e2te de tomate riche et savoureuse pour tous vos besoins culinaires.<\/li><li data-sourcepos=\"10:1-10:89\"><strong>Sauces Pr\u00eates de Tomates<\/strong> Sauces tomates pratiques et d\u00e9licieuses pour une vari\u00e9t\u00e9 de plats.<\/li><li data-sourcepos=\"11:1-11:72\"><strong>Assaisonnements<\/strong> Une gamme de condiments savoureux pour rehausser vos plats.<\/li><li data-sourcepos=\"12:1-12:69\"><strong>Confiture<\/strong> Confitures sucr\u00e9es et d\u00e9licieuses, pr\u00e9par\u00e9es avec les meilleurs ingr\u00e9dients.<\/li><li data-sourcepos=\"13:1-13:72\"><strong>Gamme Sucr\u00e9e:<\/strong> Une s\u00e9lection de douceurs pour satisfaire vos envies.<\/li><li data-sourcepos=\"14:1-15:0\"><strong>Jus (Marque Priv\u00e9e):<\/strong> Jus de fruits personnalis\u00e9s pour nos partenaires de marque priv\u00e9e.<\/li><\/ul><h6 data-sourcepos=\"16:1-16:10\"><strong>Rejoignez-nous dans notre voyage pour red\u00e9finir le march\u00e9 alimentaire \u00e9gyptien avec Add-Me Food Industries.\u00a0<\/strong><\/h6>\t\t\t<\/div>\n\t\t<\/div>\n\t\t\t\t<\/div>\n\t\t\t\t\t\t<\/div>\n\t\t\t\t<\/div>\n\t\t\t\t<\/div>\n\t\t\t\t\t<\/div>\n\t\t\t\t<\/div>\n\t\t<div class=\"elementor-element elementor-element-6b2bec4 e-flex e-con-boxed e-con e-parent\" data-id=\"6b2bec4\" data-element_type=\"container\">\n\t\t\t\t\t<div class=\"e-con-inner\">\n\t\t\t\t<div class=\"elementor-element elementor-element-c2f55bd elementor-widget elementor-widget-button\" data-id=\"c2f55bd\" data-element_type=\"widget\" data-widget_type=\"button.default\">\n\t\t\t\t<div class=\"elementor-widget-container\">\n\t\t\t\t\t\t\t\t\t<div class=\"elementor-button-wrapper\">\n\t\t\t\t\t<a class=\"elementor-button elementor-button-link elementor-size-sm elementor-animation-grow\" href=\"https:\/\/addme.grant.cx\/fr\/contact-us\/\">\n\t\t\t\t\t\t<span class=\"elementor-button-content-wrapper\">\n\t\t\t\t\t\t\t\t\t<span class=\"elementor-button-text\">Contactez-nous Maintenant<\/span>\n\t\t\t\t\t<\/span>\n\t\t\t\t\t<\/a>\n\t\t\t\t<\/div>\n\t\t\t\t\t\t\t\t<\/div>\n\t\t\t\t<\/div>\n\t\t\t\t\t<\/div>\n\t\t\t\t<\/div>\n\t\t<div class=\"elementor-element elementor-element-f589e3e e-flex e-con-boxed e-con e-parent\" data-id=\"f589e3e\" data-element_type=\"container\" data-settings=\"{&quot;background_background&quot;:&quot;classic&quot;,&quot;shape_divider_top&quot;:&quot;mountains&quot;}\">\n\t\t\t\t\t<div class=\"e-con-inner\">\n\t\t\t\t<div class=\"elementor-shape elementor-shape-top\" aria-hidden=\"true\" data-negative=\"false\">\n\t\t\t<svg xmlns=\"http:\/\/www.w3.org\/2000\/svg\" viewbox=\"0 0 1000 100\" preserveaspectratio=\"none\">\n\t<path class=\"elementor-shape-fill\" opacity=\"0.33\" d=\"M473,67.3c-203.9,88.3-263.1-34-320.3,0C66,119.1,0,59.7,0,59.7V0h1000v59.7 c0,0-62.1,26.1-94.9,29.3c-32.8,3.3-62.8-12.3-75.8-22.1C806,49.6,745.3,8.7,694.9,4.7S492.4,59,473,67.3z\"\/>\n\t<path class=\"elementor-shape-fill\" opacity=\"0.66\" d=\"M734,67.3c-45.5,0-77.2-23.2-129.1-39.1c-28.6-8.7-150.3-10.1-254,39.1 s-91.7-34.4-149.2,0C115.7,118.3,0,39.8,0,39.8V0h1000v36.5c0,0-28.2-18.5-92.1-18.5C810.2,18.1,775.7,67.3,734,67.3z\"\/>\n\t<path class=\"elementor-shape-fill\" d=\"M766.1,28.9c-200-57.5-266,65.5-395.1,19.5C242,1.8,242,5.4,184.8,20.6C128,35.8,132.3,44.9,89.9,52.5C28.6,63.7,0,0,0,0 h1000c0,0-9.9,40.9-83.6,48.1S829.6,47,766.1,28.9z\"\/>\n<\/svg>\t\t<\/div>\n\t\t<div class=\"elementor-element elementor-element-ca23620 e-con-full e-flex e-con e-child\" data-id=\"ca23620\" data-element_type=\"container\">\n\t\t\t\t<div class=\"elementor-element elementor-element-2d91b02 minimog-animation-zoom-in elementor-widget elementor-widget-tm-modern-image\" data-id=\"2d91b02\" data-element_type=\"widget\" data-widget_type=\"tm-modern-image.default\">\n\t\t\t\t<div class=\"elementor-widget-container\">\n\t\t\t\t\t\t\t<div class=\"tm-modern-image\">\n\t\t\t\t\t\t\t<div class=\"minimog-box\">\n\t\t\t\t\t<div class=\"minimog-image\">\t\t\t\t\t<m-image class=\"minimog-lazy-image\" style=\"--lazy-image-width: 600px;--lazy-image-height: 100%;\" data-image-loading><img loading=\"lazy\" decoding=\"async\"  src=\"https:\/\/addme.grant.cx\/wp-content\/uploads\/2024\/09\/add-me5-600x600.png\" width=\"600\" height=\"600\" alt=\"add-me5\" class=\"attachment-woosc-large size-woosc-large\" \/><\/m-image>\t\t\t\t\t<\/div>\t\t\t\t<\/div>\n\t\t\t\t\t\t\t\t\t\t<\/div>\n\t\t\t\t\t\t<\/div>\n\t\t\t\t<\/div>\n\t\t\t\t<\/div>\n\t\t<div class=\"elementor-element elementor-element-7cb53f3 e-con-full e-flex e-con e-child\" data-id=\"7cb53f3\" data-element_type=\"container\">\n\t\t\t\t<div class=\"elementor-element elementor-element-fdc3975 elementor-widget elementor-widget-tm-heading\" data-id=\"fdc3975\" data-element_type=\"widget\" data-widget_type=\"tm-heading.default\">\n\t\t\t\t<div class=\"elementor-widget-container\">\n\t\t\t\t\t\t\t<div class=\"tm-modern-heading tm-modern-heading--style-02 tm-modern-heading--highlight-style-02\">\n\t\t\t\n\t\t\t\n\t\t\t\n\t\t\t\t\t<div class=\"heading-description-wrap\">\n\t\t\t<div class=\"heading-description\">\n\t\t\t\t<h1><strong>Fi\u00e8rement fabriqu\u00e9 en \u00c9gypte.<\/strong><\/h1><p>\u00a0<\/p>\t\t\t<\/div>\n\t\t<\/div>\n\t\t\t\t<\/div>\n\t\t\t\t\t\t<\/div>\n\t\t\t\t<\/div>\n\t\t\t\t<div class=\"elementor-element elementor-element-fb04cef elementor-widget elementor-widget-tm-image-box\" data-id=\"fb04cef\" data-element_type=\"widget\" data-widget_type=\"tm-image-box.default\">\n\t\t\t\t<div class=\"elementor-widget-container\">\n\t\t\t\t\t\t\t<div class=\"tm-image-box minimog-box tm-image-box--image-left tm-image-box--style-2 tm-image-box--content-alignment-top tm-image-box--image-top-mobile\">\t\t<div class=\"tm-image-box__wrap\">\n\n\t\t\t\t\t\t\t<div class=\"tm-image-box__image\">\n\t\t\t\t\t<m-image class=\"minimog-lazy-image minimog-image\" style=\"--lazy-image-width: 72px;--lazy-image-height: 129.16666666667%;\" data-image-loading><img loading=\"lazy\" decoding=\"async\"  src=\"https:\/\/addme.grant.cx\/wp-content\/uploads\/2024\/09\/Quality.svg\" width=\"72\" height=\"93\" alt=\"Quality\" class=\"attachment-full size-full\" \/><\/m-image>\t\t\t\t\t\t\t\t\t<\/div>\n\t\t\t\n\t\t\t<div class=\"tm-image-box__content\">\n\t\t\t\t<div class=\"tm-image-box__title-wrapper\"><h3 class=\"tm-image-box__title\"><span class=\"tm-image-box__title-text\">Qualit\u00e9 Locale, Go\u00fbt Mondial<\/span><\/h3><\/div>\n\t\t\t\t\t\t<div class=\"tm-image-box__description\">\n\t\t\tNous produisons des produits de haute qualit\u00e9, conformes aux normes internationales, tout en \u00e9tant fabriqu\u00e9s ici m\u00eame en \u00c9gypte. \t\t<\/div>\n\t\t\n\t\t\t\t\t\t\t<\/div>\n\n\t\t<\/div>\n\t\t<\/div>\t\t\t\t\t\t<\/div>\n\t\t\t\t<\/div>\n\t\t\t\t<div class=\"elementor-element elementor-element-f592e9e elementor-widget elementor-widget-tm-image-box\" data-id=\"f592e9e\" data-element_type=\"widget\" data-widget_type=\"tm-image-box.default\">\n\t\t\t\t<div class=\"elementor-widget-container\">\n\t\t\t\t\t\t\t<div class=\"tm-image-box minimog-box tm-image-box--image-left tm-image-box--style-2 tm-image-box--content-alignment-top tm-image-box--image-top-mobile\">\t\t<div class=\"tm-image-box__wrap\">\n\n\t\t\t\t\t\t\t<div class=\"tm-image-box__image\">\n\t\t\t\t\t<m-image class=\"minimog-lazy-image minimog-image\" style=\"--lazy-image-width: 59px;--lazy-image-height: 155.93220338983%;\" data-image-loading><img loading=\"lazy\" decoding=\"async\"  src=\"https:\/\/addme.grant.cx\/wp-content\/uploads\/2024\/09\/Innovation-2.svg\" width=\"59\" height=\"92\" alt=\"Innovation-2\" class=\"attachment-full size-full\" \/><\/m-image>\t\t\t\t\t\t\t\t\t<\/div>\n\t\t\t\n\t\t\t<div class=\"tm-image-box__content\">\n\t\t\t\t<div class=\"tm-image-box__title-wrapper\"><h3 class=\"tm-image-box__title\"><span class=\"tm-image-box__title-text\">Innovation et Vari\u00e9t\u00e9<\/span><\/h3><\/div>\n\t\t\t\t\t\t<div class=\"tm-image-box__description\">\n\t\t\tNotre engagement envers la recherche et le d\u00e9veloppement signifie que nous introduisons constamment de nouveaux produits passionnants sur le march\u00e9. Cela vous garantit toujours un large choix d'options, satisfaisant ainsi vos go\u00fbts et pr\u00e9f\u00e9rences vari\u00e9s.\t\t<\/div>\n\t\t\n\t\t\t\t\t\t\t<\/div>\n\n\t\t<\/div>\n\t\t<\/div>\t\t\t\t\t\t<\/div>\n\t\t\t\t<\/div>\n\t\t\t\t<div class=\"elementor-element elementor-element-a173715 elementor-widget elementor-widget-tm-image-box\" data-id=\"a173715\" data-element_type=\"widget\" data-widget_type=\"tm-image-box.default\">\n\t\t\t\t<div class=\"elementor-widget-container\">\n\t\t\t\t\t\t\t<div class=\"tm-image-box minimog-box tm-image-box--image-left tm-image-box--style-2 tm-image-box--content-alignment-top tm-image-box--image-top-mobile\">\t\t<div class=\"tm-image-box__wrap\">\n\n\t\t\t\t\t\t\t<div class=\"tm-image-box__image\">\n\t\t\t\t\t<m-image class=\"minimog-lazy-image minimog-image\" style=\"--lazy-image-width: 89px;--lazy-image-height: 108.98876404494%;\" data-image-loading><img loading=\"lazy\" decoding=\"async\"  src=\"https:\/\/addme.grant.cx\/wp-content\/uploads\/2024\/09\/Trust.svg\" width=\"89\" height=\"97\" alt=\"Trust\" class=\"attachment-full size-full\" \/><\/m-image>\t\t\t\t\t\t\t\t\t<\/div>\n\t\t\t\n\t\t\t<div class=\"tm-image-box__content\">\n\t\t\t\t<div class=\"tm-image-box__title-wrapper\"><h3 class=\"tm-image-box__title\"><span class=\"tm-image-box__title-text\">Confiance et Fiabilit\u00e9<\/span><\/h3><\/div>\n\t\t\t\t\t\t<div class=\"tm-image-box__description\">\n\t\t\tChez Add-Me Food Industries, nous accordons la priorit\u00e9 \u00e0 la s\u00e9curit\u00e9 et \u00e0 la fiabilit\u00e9 dans tout ce que nous faisons. Nos produits sont constamment fabriqu\u00e9s selon les normes les plus \u00e9lev\u00e9es, vous garantissant ainsi de pouvoir nous faire confiance pour vous offrir qualit\u00e9 et satisfaction \u00e0 chaque fois.\t\t<\/div>\n\t\t\n\t\t\t\t\t\t\t<\/div>\n\n\t\t<\/div>\n\t\t<\/div>\t\t\t\t\t\t<\/div>\n\t\t\t\t<\/div>\n\t\t\t\t<\/div>\n\t\t\t\t\t<\/div>\n\t\t\t\t<\/div>\n\t\t\t\t<\/div>","protected":false},"excerpt":{"rendered":"<p>Add-Me Food Industries is a leading food manufacturing company dedicated to bringing high-quality, globally inspired products to the Egyptian market. Established in 2017, our mission is to provide consumers with delicious, affordable options that have traditionally been imported. We pride ourselves on our commitment to innovation and quality. Our research and development team continually strives to create unique and flavorful products that meet the highest standards. This dedication has enabled us to not only develop our own successful brand, ADD-ME, but also to manufacture for renowned brands and market leaders. At Add-Me Food Industries, we believe in the power of local production. By manufacturing our products in Egypt, we support the local economy and ensure freshness and quality control. Our product range includes: Tomato Paste: Rich and flavorful tomato paste for all your cooking needs. Tomato Ready Sauce: Convenient and delicious tomato sauces for a variety of dishes. Condiments: A range of flavorful condiments to enhance your meals. Jam: Sweet and delicious jams made with the finest ingredients. Sweet Range: A selection of sweet treats to satisfy your cravings. Juice (Private Label): Customized juice products for our private label partners. Join us on our journey to redefine the Egyptian food market with Add-Me Food Industries.\u00a0 Contact us Now Proudly made in Egypt. \u00a0 Local Quality, Global Taste We are producing high-quality products that follow international standards, all while being manufactured right here in Egypt. Innovation and Variety Our commitment to research and development means we&#8217;re constantly introducing new and exciting products to the market. This ensures you always have a wide range of options to choose from, satisfying your diverse tastes and preferences. Trust and Reliability At Add-Me Food Industries, we prioritize safety and reliability in everything we do. Our products are consistently produced to the highest standards, ensuring you can trust us to deliver quality and satisfaction every time.<\/p>","protected":false},"author":1,"featured_media":0,"parent":0,"menu_order":0,"comment_status":"closed","ping_status":"closed","template":"","meta":{"_acf_changed":false,"footnotes":""},"class_list":["post-21731","page","type-page","status-publish","hentry","post-no-thumbnail"],"acf":[],"_links":{"self":[{"href":"https:\/\/addme.grant.cx\/fr\/wp-json\/wp\/v2\/pages\/21731","targetHints":{"allow":["GET"]}}],"collection":[{"href":"https:\/\/addme.grant.cx\/fr\/wp-json\/wp\/v2\/pages"}],"about":[{"href":"https:\/\/addme.grant.cx\/fr\/wp-json\/wp\/v2\/types\/page"}],"author":[{"embeddable":true,"href":"https:\/\/addme.grant.cx\/fr\/wp-json\/wp\/v2\/users\/1"}],"replies":[{"embeddable":true,"href":"https:\/\/addme.grant.cx\/fr\/wp-json\/wp\/v2\/comments?post=21731"}],"version-history":[{"count":78,"href":"https:\/\/addme.grant.cx\/fr\/wp-json\/wp\/v2\/pages\/21731\/revisions"}],"predecessor-version":[{"id":23387,"href":"https:\/\/addme.grant.cx\/fr\/wp-json\/wp\/v2\/pages\/21731\/revisions\/23387"}],"wp:attachment":[{"href":"https:\/\/addme.grant.cx\/fr\/wp-json\/wp\/v2\/media?parent=21731"}],"curies":[{"name":"wp","href":"https:\/\/api.w.org\/{rel}","templated":true}]}}