{"id":21979,"date":"2024-07-21T11:59:22","date_gmt":"2024-07-21T11:59:22","guid":{"rendered":"https:\/\/addme.grant.cx\/?post_type=product&#038;p=21979"},"modified":"2025-09-12T17:49:29","modified_gmt":"2025-09-12T15:49:29","slug":"hot-ketchup","status":"publish","type":"product","link":"https:\/\/addme.grant.cx\/fr\/produit\/hot-ketchup\/","title":{"rendered":"Ketchup \u00e9pic\u00e9"},"content":{"rendered":"","protected":false},"excerpt":{"rendered":"<p><strong><u>ADD-ME Ketchup \u00e9pic\u00e9<\/u><\/strong> est une sauce \u00e0 base de tomate de couleur rouge vif<\/p>","protected":false},"featured_media":23510,"template":"","meta":{"_acf_changed":false},"product_brand":[],"product_cat":[150,95],"product_tag":[],"class_list":{"0":"post-21979","1":"product","2":"type-product","3":"status-publish","4":"has-post-thumbnail","6":"product_cat-add-me","7":"product_cat-condiments","9":"first","10":"instock","11":"shipping-taxable","12":"purchasable","13":"product-type-variable"},"acf":[],"_links":{"self":[{"href":"https:\/\/addme.grant.cx\/fr\/wp-json\/wp\/v2\/product\/21979","targetHints":{"allow":["GET"]}}],"collection":[{"href":"https:\/\/addme.grant.cx\/fr\/wp-json\/wp\/v2\/product"}],"about":[{"href":"https:\/\/addme.grant.cx\/fr\/wp-json\/wp\/v2\/types\/product"}],"version-history":[{"count":4,"href":"https:\/\/addme.grant.cx\/fr\/wp-json\/wp\/v2\/product\/21979\/revisions"}],"predecessor-version":[{"id":23057,"href":"https:\/\/addme.grant.cx\/fr\/wp-json\/wp\/v2\/product\/21979\/revisions\/23057"}],"wp:featuredmedia":[{"embeddable":true,"href":"https:\/\/addme.grant.cx\/fr\/wp-json\/wp\/v2\/media\/23510"}],"wp:attachment":[{"href":"https:\/\/addme.grant.cx\/fr\/wp-json\/wp\/v2\/media?parent=21979"}],"wp:term":[{"taxonomy":"product_brand","embeddable":true,"href":"https:\/\/addme.grant.cx\/fr\/wp-json\/wp\/v2\/product_brand?post=21979"},{"taxonomy":"product_cat","embeddable":true,"href":"https:\/\/addme.grant.cx\/fr\/wp-json\/wp\/v2\/product_cat?post=21979"},{"taxonomy":"product_tag","embeddable":true,"href":"https:\/\/addme.grant.cx\/fr\/wp-json\/wp\/v2\/product_tag?post=21979"}],"curies":[{"name":"wp","href":"https:\/\/api.w.org\/{rel}","templated":true}]}}