{"id":21987,"date":"2024-07-21T12:01:05","date_gmt":"2024-07-21T12:01:05","guid":{"rendered":"https:\/\/addme.grant.cx\/?post_type=product&#038;p=21987"},"modified":"2025-09-12T17:48:49","modified_gmt":"2025-09-12T15:48:49","slug":"ranch-sauce","status":"publish","type":"product","link":"https:\/\/addme.grant.cx\/fr\/produit\/ranch-sauce\/","title":{"rendered":"Sauce Ranch"},"content":{"rendered":"","protected":false},"excerpt":{"rendered":"<p><strong><u>ADD-ME Ranch- sauce<\/u><\/strong> est une sauce de couleur blanc cass\u00e9 \u00e0 jaune p\u00e2le avec des flocons de persil.<\/p>","protected":false},"featured_media":23503,"template":"","meta":{"_acf_changed":false},"product_brand":[],"product_cat":[150,95],"product_tag":[],"class_list":{"0":"post-21987","1":"product","2":"type-product","3":"status-publish","4":"has-post-thumbnail","6":"product_cat-add-me","7":"product_cat-condiments","9":"first","10":"instock","11":"shipping-taxable","12":"purchasable","13":"product-type-variable"},"acf":[],"_links":{"self":[{"href":"https:\/\/addme.grant.cx\/fr\/wp-json\/wp\/v2\/product\/21987","targetHints":{"allow":["GET"]}}],"collection":[{"href":"https:\/\/addme.grant.cx\/fr\/wp-json\/wp\/v2\/product"}],"about":[{"href":"https:\/\/addme.grant.cx\/fr\/wp-json\/wp\/v2\/types\/product"}],"version-history":[{"count":5,"href":"https:\/\/addme.grant.cx\/fr\/wp-json\/wp\/v2\/product\/21987\/revisions"}],"predecessor-version":[{"id":23061,"href":"https:\/\/addme.grant.cx\/fr\/wp-json\/wp\/v2\/product\/21987\/revisions\/23061"}],"wp:featuredmedia":[{"embeddable":true,"href":"https:\/\/addme.grant.cx\/fr\/wp-json\/wp\/v2\/media\/23503"}],"wp:attachment":[{"href":"https:\/\/addme.grant.cx\/fr\/wp-json\/wp\/v2\/media?parent=21987"}],"wp:term":[{"taxonomy":"product_brand","embeddable":true,"href":"https:\/\/addme.grant.cx\/fr\/wp-json\/wp\/v2\/product_brand?post=21987"},{"taxonomy":"product_cat","embeddable":true,"href":"https:\/\/addme.grant.cx\/fr\/wp-json\/wp\/v2\/product_cat?post=21987"},{"taxonomy":"product_tag","embeddable":true,"href":"https:\/\/addme.grant.cx\/fr\/wp-json\/wp\/v2\/product_tag?post=21987"}],"curies":[{"name":"wp","href":"https:\/\/api.w.org\/{rel}","templated":true}]}}