{"id":21991,"date":"2024-07-21T12:02:14","date_gmt":"2024-07-21T12:02:14","guid":{"rendered":"https:\/\/addme.grant.cx\/?post_type=product&#038;p=21991"},"modified":"2025-09-12T17:47:50","modified_gmt":"2025-09-12T15:47:50","slug":"mustard-sauce","status":"publish","type":"product","link":"https:\/\/addme.grant.cx\/fr\/produit\/mustard-sauce\/","title":{"rendered":"Sauce Moutarde"},"content":{"rendered":"","protected":false},"excerpt":{"rendered":"<p><strong><u>ADD-ME Moutarde- Sauce<\/u><\/strong> est une moutarde pr\u00e9par\u00e9e tr\u00e8s douce de couleur jaune vif.<\/p>","protected":false},"featured_media":23504,"template":"","meta":{"_acf_changed":false},"product_brand":[],"product_cat":[150,95],"product_tag":[],"class_list":{"0":"post-21991","1":"product","2":"type-product","3":"status-publish","4":"has-post-thumbnail","6":"product_cat-add-me","7":"product_cat-condiments","9":"first","10":"instock","11":"shipping-taxable","12":"purchasable","13":"product-type-variable"},"acf":[],"_links":{"self":[{"href":"https:\/\/addme.grant.cx\/fr\/wp-json\/wp\/v2\/product\/21991","targetHints":{"allow":["GET"]}}],"collection":[{"href":"https:\/\/addme.grant.cx\/fr\/wp-json\/wp\/v2\/product"}],"about":[{"href":"https:\/\/addme.grant.cx\/fr\/wp-json\/wp\/v2\/types\/product"}],"version-history":[{"count":4,"href":"https:\/\/addme.grant.cx\/fr\/wp-json\/wp\/v2\/product\/21991\/revisions"}],"predecessor-version":[{"id":22952,"href":"https:\/\/addme.grant.cx\/fr\/wp-json\/wp\/v2\/product\/21991\/revisions\/22952"}],"wp:featuredmedia":[{"embeddable":true,"href":"https:\/\/addme.grant.cx\/fr\/wp-json\/wp\/v2\/media\/23504"}],"wp:attachment":[{"href":"https:\/\/addme.grant.cx\/fr\/wp-json\/wp\/v2\/media?parent=21991"}],"wp:term":[{"taxonomy":"product_brand","embeddable":true,"href":"https:\/\/addme.grant.cx\/fr\/wp-json\/wp\/v2\/product_brand?post=21991"},{"taxonomy":"product_cat","embeddable":true,"href":"https:\/\/addme.grant.cx\/fr\/wp-json\/wp\/v2\/product_cat?post=21991"},{"taxonomy":"product_tag","embeddable":true,"href":"https:\/\/addme.grant.cx\/fr\/wp-json\/wp\/v2\/product_tag?post=21991"}],"curies":[{"name":"wp","href":"https:\/\/api.w.org\/{rel}","templated":true}]}}