{"id":22588,"date":"2024-09-10T17:36:21","date_gmt":"2024-09-10T15:36:21","guid":{"rendered":"https:\/\/addme.grant.cx\/?post_type=product&#038;p=22588"},"modified":"2025-09-12T17:37:34","modified_gmt":"2025-09-12T15:37:34","slug":"eves-caesar-dressing","status":"publish","type":"product","link":"https:\/\/addme.grant.cx\/fr\/produit\/eves-caesar-dressing\/","title":{"rendered":"La Sauce C\u00e9sar d'Eve"},"content":{"rendered":"","protected":false},"excerpt":{"rendered":"<p><strong><u>La Sauce C\u00e9sar d'Eve<\/u> <\/strong>Est une sauce de couleur blanc cass\u00e9 \u00e0 jaune p\u00e2le assaisonn\u00e9e.<\/p>","protected":false},"featured_media":23528,"template":"","meta":{"_acf_changed":false},"product_brand":[],"product_cat":[144,152],"product_tag":[],"class_list":{"0":"post-22588","1":"product","2":"type-product","3":"status-publish","4":"has-post-thumbnail","6":"product_cat-dressings","7":"product_cat-eves","9":"first","10":"instock","11":"shipping-taxable","12":"purchasable","13":"product-type-variable"},"acf":[],"_links":{"self":[{"href":"https:\/\/addme.grant.cx\/fr\/wp-json\/wp\/v2\/product\/22588","targetHints":{"allow":["GET"]}}],"collection":[{"href":"https:\/\/addme.grant.cx\/fr\/wp-json\/wp\/v2\/product"}],"about":[{"href":"https:\/\/addme.grant.cx\/fr\/wp-json\/wp\/v2\/types\/product"}],"version-history":[{"count":5,"href":"https:\/\/addme.grant.cx\/fr\/wp-json\/wp\/v2\/product\/22588\/revisions"}],"predecessor-version":[{"id":22925,"href":"https:\/\/addme.grant.cx\/fr\/wp-json\/wp\/v2\/product\/22588\/revisions\/22925"}],"wp:featuredmedia":[{"embeddable":true,"href":"https:\/\/addme.grant.cx\/fr\/wp-json\/wp\/v2\/media\/23528"}],"wp:attachment":[{"href":"https:\/\/addme.grant.cx\/fr\/wp-json\/wp\/v2\/media?parent=22588"}],"wp:term":[{"taxonomy":"product_brand","embeddable":true,"href":"https:\/\/addme.grant.cx\/fr\/wp-json\/wp\/v2\/product_brand?post=22588"},{"taxonomy":"product_cat","embeddable":true,"href":"https:\/\/addme.grant.cx\/fr\/wp-json\/wp\/v2\/product_cat?post=22588"},{"taxonomy":"product_tag","embeddable":true,"href":"https:\/\/addme.grant.cx\/fr\/wp-json\/wp\/v2\/product_tag?post=22588"}],"curies":[{"name":"wp","href":"https:\/\/api.w.org\/{rel}","templated":true}]}}