{"id":22601,"date":"2024-09-10T17:39:30","date_gmt":"2024-09-10T15:39:30","guid":{"rendered":"https:\/\/addme.grant.cx\/?post_type=product&#038;p=22601"},"modified":"2025-09-12T17:33:03","modified_gmt":"2025-09-12T15:33:03","slug":"eves-spicy-sweet-chilly-sauce","status":"publish","type":"product","link":"https:\/\/addme.grant.cx\/fr\/produit\/eves-spicy-sweet-chilly-sauce\/","title":{"rendered":"La Sauce Chili Sucr\u00e9e et \u00c9pic\u00e9e d'Eve"},"content":{"rendered":"","protected":false},"excerpt":{"rendered":"<p><strong><u>EVE\u2019s Spicy Sweet Chili<\/u><\/strong><u> <strong>Sauce<\/strong><\/u> Is a near to red color to dark red sauce with chili chunks.<\/p>","protected":false},"featured_media":23522,"template":"","meta":{"_acf_changed":false},"product_brand":[],"product_cat":[152,145],"product_tag":[],"class_list":{"0":"post-22601","1":"product","2":"type-product","3":"status-publish","4":"has-post-thumbnail","6":"product_cat-eves","7":"product_cat-sauces","9":"first","10":"instock","11":"shipping-taxable","12":"purchasable","13":"product-type-variable"},"acf":[],"_links":{"self":[{"href":"https:\/\/addme.grant.cx\/fr\/wp-json\/wp\/v2\/product\/22601","targetHints":{"allow":["GET"]}}],"collection":[{"href":"https:\/\/addme.grant.cx\/fr\/wp-json\/wp\/v2\/product"}],"about":[{"href":"https:\/\/addme.grant.cx\/fr\/wp-json\/wp\/v2\/types\/product"}],"version-history":[{"count":6,"href":"https:\/\/addme.grant.cx\/fr\/wp-json\/wp\/v2\/product\/22601\/revisions"}],"predecessor-version":[{"id":22915,"href":"https:\/\/addme.grant.cx\/fr\/wp-json\/wp\/v2\/product\/22601\/revisions\/22915"}],"wp:featuredmedia":[{"embeddable":true,"href":"https:\/\/addme.grant.cx\/fr\/wp-json\/wp\/v2\/media\/23522"}],"wp:attachment":[{"href":"https:\/\/addme.grant.cx\/fr\/wp-json\/wp\/v2\/media?parent=22601"}],"wp:term":[{"taxonomy":"product_brand","embeddable":true,"href":"https:\/\/addme.grant.cx\/fr\/wp-json\/wp\/v2\/product_brand?post=22601"},{"taxonomy":"product_cat","embeddable":true,"href":"https:\/\/addme.grant.cx\/fr\/wp-json\/wp\/v2\/product_cat?post=22601"},{"taxonomy":"product_tag","embeddable":true,"href":"https:\/\/addme.grant.cx\/fr\/wp-json\/wp\/v2\/product_tag?post=22601"}],"curies":[{"name":"wp","href":"https:\/\/api.w.org\/{rel}","templated":true}]}}